{"id":3,"date":"2024-05-20T14:40:59","date_gmt":"2024-05-20T11:40:59","guid":{"rendered":"https:\/\/indiacasino24.com\/?page_id=3"},"modified":"2024-06-24T01:07:36","modified_gmt":"2024-06-23T22:07:36","slug":"privacy-policy","status":"publish","type":"page","link":"https:\/\/indiacasino24.com\/de\/privacy-policy\/","title":{"rendered":"Datenschutzrichtlinie"},"content":{"rendered":"<h3><b>Informationssammlung<\/b><\/h3>\n<p><span style=\"font-weight: 400;\">Wir sammeln pers\u00f6nliche Informationen wie Ihren Namen, Ihre E-Mail-Adresse, Ihre Telefonnummer und Zahlungsdetails, wenn Sie sich auf unserer Website registrieren, Eink\u00e4ufe t\u00e4tigen oder Informationen anfordern. Wir k\u00f6nnen auch Informationen \u00fcber Ihr Ger\u00e4t und Ihr Verhalten auf der Website mithilfe von Cookies und \u00e4hnlichen Technologien sammeln.<\/span><\/p>\n<h3><b>Verwendung der Informationen<\/b><\/h3>\n<p><span style=\"font-weight: 400;\">Wir verwenden die gesammelten Informationen, um:<\/span><\/p>\n<ul>\n<li style=\"font-weight: 400;\" aria-level=\"1\"><span style=\"font-weight: 400;\">Ihre Bestellungen zu bearbeiten und die angeforderten Dienstleistungen bereitzustellen.<\/span><\/li>\n<li style=\"font-weight: 400;\" aria-level=\"1\"><span style=\"font-weight: 400;\">Unsere Website und unseren Kundenservice zu verbessern.<\/span><\/li>\n<li style=\"font-weight: 400;\" aria-level=\"1\"><span style=\"font-weight: 400;\">Ihnen Informationen \u00fcber unsere Produkte, Dienstleistungen und Aktionen zuzusenden.<\/span><\/li>\n<li style=\"font-weight: 400;\" aria-level=\"1\"><span style=\"font-weight: 400;\">Gesetzlichen Verpflichtungen nachzukommen.<\/span><\/li>\n<\/ul>\n<h3><b>Informationen teilen<\/b><\/h3>\n<p><span style=\"font-weight: 400;\">Wir verkaufen, handeln oder \u00fcbertragen Ihre pers\u00f6nlichen Informationen nicht an Dritte, au\u00dfer wenn dies zur Erbringung von Dienstleistungen (z.B. Zahlungsabwicklung), zur Einhaltung gesetzlicher Vorschriften oder zum Schutz unserer Rechte erforderlich ist.<\/span><\/p>\n<h3><b>Schutz der Informationen<\/b><\/h3>\n<p><span style=\"font-weight: 400;\">Wir ergreifen alle notwendigen Ma\u00dfnahmen, um Ihre pers\u00f6nlichen Informationen vor unbefugtem Zugriff, Ver\u00e4nderung, Offenlegung oder Zerst\u00f6rung zu sch\u00fctzen. Wir verwenden Datenverschl\u00fcsselung, sichere Server und andere moderne Sicherheitstechnologien.<\/span><\/p>\n<h3><b>Cookies<\/b><\/h3>\n<p><span style=\"font-weight: 400;\">Unsere Website verwendet Cookies, um die Leistung der Website zu verbessern und ein personalisiertes Erlebnis zu bieten. Sie k\u00f6nnen Ihren Browser so einstellen, dass er Cookies ablehnt, was jedoch die Funktionalit\u00e4t der Website einschr\u00e4nken kann.<\/span><\/p>\n<h3><b>\u00c4nderungen der Richtlinie<\/b><\/h3>\n<p><span style=\"font-weight: 400;\">Wir k\u00f6nnen diese Datenschutzrichtlinie von Zeit zu Zeit aktualisieren. Alle \u00c4nderungen werden auf dieser Seite ver\u00f6ffentlicht. Wir empfehlen Ihnen, diese Seite regelm\u00e4\u00dfig zu \u00fcberpr\u00fcfen, um \u00fcber Aktualisierungen informiert zu bleiben.<\/span><\/p>\n","protected":false},"excerpt":{"rendered":"<p>Informationssammlung Wir sammeln pers\u00f6nliche Informationen wie Ihren Namen, Ihre E-Mail-Adresse, Ihre Telefonnummer und Zahlungsdetails, wenn Sie sich auf unserer Website registrieren, Eink\u00e4ufe t\u00e4tigen oder Informationen anfordern. Wir k\u00f6nnen auch Informationen \u00fcber Ihr Ger\u00e4t und Ihr Verhalten auf der Website mithilfe von Cookies und \u00e4hnlichen Technologien sammeln. Verwendung der Informationen Wir&#8230;<\/p>\n","protected":false},"author":1,"featured_media":0,"parent":0,"menu_order":0,"comment_status":"closed","ping_status":"closed","template":"","meta":{"footnotes":""},"class_list":["post-3","page","type-page","status-publish","hentry"],"yoast_head":"<!-- This site is optimized with the Yoast SEO plugin v27.2 - https:\/\/yoast.com\/product\/yoast-seo-wordpress\/ -->\n<title>\u041f\u043e\u043b\u0438\u0442\u0438\u043a\u0430 \u043a\u043e\u043d\u0444\u0438\u0434\u0435\u043d\u0446\u0438\u0430\u043b\u044c\u043d\u043e\u0441\u0442\u0438<\/title>\n<meta name=\"description\" content=\"Datenschutzrichtlinie\" \/>\n<meta name=\"robots\" content=\"index, follow, max-snippet:-1, max-image-preview:large, max-video-preview:-1\" \/>\n<link rel=\"canonical\" href=\"https:\/\/indiacasino24.com\/de\/privacy-policy\/\" \/>\n<meta property=\"og:locale\" content=\"de_DE\" \/>\n<meta property=\"og:locale:alternate\" content=\"ru_RU\" \/>\n<meta property=\"og:locale:alternate\" content=\"en_US\" \/>\n<meta property=\"og:locale:alternate\" content=\"pt_PT\" \/>\n<meta property=\"og:locale:alternate\" content=\"es_ES\" \/>\n<meta property=\"og:locale:alternate\" content=\"fr_FR\" \/>\n<meta property=\"og:locale:alternate\" content=\"ro_RO\" \/>\n<meta property=\"og:locale:alternate\" content=\"sr_RS\" \/>\n<meta property=\"og:locale:alternate\" content=\"bg_BG\" \/>\n<meta property=\"og:locale:alternate\" content=\"pl_PL\" \/>\n<meta property=\"og:locale:alternate\" content=\"it_IT\" \/>\n<meta property=\"og:type\" content=\"article\" \/>\n<meta property=\"og:title\" content=\"\u041f\u043e\u043b\u0438\u0442\u0438\u043a\u0430 \u043a\u043e\u043d\u0444\u0438\u0434\u0435\u043d\u0446\u0438\u0430\u043b\u044c\u043d\u043e\u0441\u0442\u0438\" \/>\n<meta property=\"og:description\" content=\"\u041f\u043e\u043b\u0438\u0442\u0438\u043a\u0430 \u043a\u043e\u043d\u0444\u0438\u0434\u0435\u043d\u0446\u0438\u0430\u043b\u044c\u043d\u043e\u0441\u0442\u0438\" \/>\n<meta property=\"og:url\" content=\"https:\/\/indiacasino24.com\/de\/privacy-policy\/\" \/>\n<meta property=\"og:site_name\" content=\"India Casino\" \/>\n<meta property=\"article:modified_time\" content=\"2024-06-23T22:07:36+00:00\" \/>\n<meta name=\"twitter:card\" content=\"summary_large_image\" \/>\n<meta name=\"twitter:label1\" content=\"Gesch\u00e4tzte Lesezeit\" \/>\n\t<meta name=\"twitter:data1\" content=\"10\u00a0Minuten\" \/>\n<script type=\"application\/ld+json\" class=\"yoast-schema-graph\">{\"@context\":\"https:\/\/schema.org\",\"@graph\":[{\"@type\":\"WebPage\",\"@id\":\"https:\/\/indiacasino24.com\/privacy-policy\/\",\"url\":\"https:\/\/indiacasino24.com\/privacy-policy\/\",\"name\":\"\u041f\u043e\u043b\u0438\u0442\u0438\u043a\u0430 \u043a\u043e\u043d\u0444\u0438\u0434\u0435\u043d\u0446\u0438\u0430\u043b\u044c\u043d\u043e\u0441\u0442\u0438\",\"isPartOf\":{\"@id\":\"https:\/\/indiacasino24.com\/#website\"},\"datePublished\":\"2024-05-20T11:40:59+00:00\",\"dateModified\":\"2024-06-23T22:07:36+00:00\",\"description\":\"\u041f\u043e\u043b\u0438\u0442\u0438\u043a\u0430 \u043a\u043e\u043d\u0444\u0438\u0434\u0435\u043d\u0446\u0438\u0430\u043b\u044c\u043d\u043e\u0441\u0442\u0438\",\"breadcrumb\":{\"@id\":\"https:\/\/indiacasino24.com\/privacy-policy\/#breadcrumb\"},\"inLanguage\":\"de-DE\",\"potentialAction\":[{\"@type\":\"ReadAction\",\"target\":[\"https:\/\/indiacasino24.com\/privacy-policy\/\"]}]},{\"@type\":\"BreadcrumbList\",\"@id\":\"https:\/\/indiacasino24.com\/privacy-policy\/#breadcrumb\",\"itemListElement\":[{\"@type\":\"ListItem\",\"position\":1,\"name\":\"\u0413\u043b\u0430\u0432\u043d\u0430\u044f \u0441\u0442\u0440\u0430\u043d\u0438\u0446\u0430\",\"item\":\"https:\/\/indiacasino24.com\/\"},{\"@type\":\"ListItem\",\"position\":2,\"name\":\"\u041f\u043e\u043b\u0438\u0442\u0438\u043a\u0430 \u043a\u043e\u043d\u0444\u0438\u0434\u0435\u043d\u0446\u0438\u0430\u043b\u044c\u043d\u043e\u0441\u0442\u0438\"}]},{\"@type\":\"WebSite\",\"@id\":\"https:\/\/indiacasino24.com\/#website\",\"url\":\"https:\/\/indiacasino24.com\/\",\"name\":\"India Casino\",\"description\":\"\",\"potentialAction\":[{\"@type\":\"SearchAction\",\"target\":{\"@type\":\"EntryPoint\",\"urlTemplate\":\"https:\/\/indiacasino24.com\/?s={search_term_string}\"},\"query-input\":{\"@type\":\"PropertyValueSpecification\",\"valueRequired\":true,\"valueName\":\"search_term_string\"}}],\"inLanguage\":\"de-DE\"}]}<\/script>\n<!-- \/ Yoast SEO plugin. -->","yoast_head_json":{"title":"\u041f\u043e\u043b\u0438\u0442\u0438\u043a\u0430 \u043a\u043e\u043d\u0444\u0438\u0434\u0435\u043d\u0446\u0438\u0430\u043b\u044c\u043d\u043e\u0441\u0442\u0438","description":"Datenschutzrichtlinie","robots":{"index":"index","follow":"follow","max-snippet":"max-snippet:-1","max-image-preview":"max-image-preview:large","max-video-preview":"max-video-preview:-1"},"canonical":"https:\/\/indiacasino24.com\/de\/privacy-policy\/","og_locale":"de_DE","og_type":"article","og_title":"\u041f\u043e\u043b\u0438\u0442\u0438\u043a\u0430 \u043a\u043e\u043d\u0444\u0438\u0434\u0435\u043d\u0446\u0438\u0430\u043b\u044c\u043d\u043e\u0441\u0442\u0438","og_description":"\u041f\u043e\u043b\u0438\u0442\u0438\u043a\u0430 \u043a\u043e\u043d\u0444\u0438\u0434\u0435\u043d\u0446\u0438\u0430\u043b\u044c\u043d\u043e\u0441\u0442\u0438","og_url":"https:\/\/indiacasino24.com\/de\/privacy-policy\/","og_site_name":"India Casino","article_modified_time":"2024-06-23T22:07:36+00:00","twitter_card":"summary_large_image","twitter_misc":{"Gesch\u00e4tzte Lesezeit":"10\u00a0Minuten"},"schema":{"@context":"https:\/\/schema.org","@graph":[{"@type":"WebPage","@id":"https:\/\/indiacasino24.com\/privacy-policy\/","url":"https:\/\/indiacasino24.com\/privacy-policy\/","name":"\u041f\u043e\u043b\u0438\u0442\u0438\u043a\u0430 \u043a\u043e\u043d\u0444\u0438\u0434\u0435\u043d\u0446\u0438\u0430\u043b\u044c\u043d\u043e\u0441\u0442\u0438","isPartOf":{"@id":"https:\/\/indiacasino24.com\/#website"},"datePublished":"2024-05-20T11:40:59+00:00","dateModified":"2024-06-23T22:07:36+00:00","description":"\u041f\u043e\u043b\u0438\u0442\u0438\u043a\u0430 \u043a\u043e\u043d\u0444\u0438\u0434\u0435\u043d\u0446\u0438\u0430\u043b\u044c\u043d\u043e\u0441\u0442\u0438","breadcrumb":{"@id":"https:\/\/indiacasino24.com\/privacy-policy\/#breadcrumb"},"inLanguage":"de-DE","potentialAction":[{"@type":"ReadAction","target":["https:\/\/indiacasino24.com\/privacy-policy\/"]}]},{"@type":"BreadcrumbList","@id":"https:\/\/indiacasino24.com\/privacy-policy\/#breadcrumb","itemListElement":[{"@type":"ListItem","position":1,"name":"\u0413\u043b\u0430\u0432\u043d\u0430\u044f \u0441\u0442\u0440\u0430\u043d\u0438\u0446\u0430","item":"https:\/\/indiacasino24.com\/"},{"@type":"ListItem","position":2,"name":"\u041f\u043e\u043b\u0438\u0442\u0438\u043a\u0430 \u043a\u043e\u043d\u0444\u0438\u0434\u0435\u043d\u0446\u0438\u0430\u043b\u044c\u043d\u043e\u0441\u0442\u0438"}]},{"@type":"WebSite","@id":"https:\/\/indiacasino24.com\/#website","url":"https:\/\/indiacasino24.com\/","name":"India Casino","description":"","potentialAction":[{"@type":"SearchAction","target":{"@type":"EntryPoint","urlTemplate":"https:\/\/indiacasino24.com\/?s={search_term_string}"},"query-input":{"@type":"PropertyValueSpecification","valueRequired":true,"valueName":"search_term_string"}}],"inLanguage":"de-DE"}]}},"_links":{"self":[{"href":"https:\/\/indiacasino24.com\/de\/wp-json\/wp\/v2\/pages\/3","targetHints":{"allow":["GET"]}}],"collection":[{"href":"https:\/\/indiacasino24.com\/de\/wp-json\/wp\/v2\/pages"}],"about":[{"href":"https:\/\/indiacasino24.com\/de\/wp-json\/wp\/v2\/types\/page"}],"author":[{"embeddable":true,"href":"https:\/\/indiacasino24.com\/de\/wp-json\/wp\/v2\/users\/1"}],"replies":[{"embeddable":true,"href":"https:\/\/indiacasino24.com\/de\/wp-json\/wp\/v2\/comments?post=3"}],"version-history":[{"count":21,"href":"https:\/\/indiacasino24.com\/de\/wp-json\/wp\/v2\/pages\/3\/revisions"}],"predecessor-version":[{"id":232,"href":"https:\/\/indiacasino24.com\/de\/wp-json\/wp\/v2\/pages\/3\/revisions\/232"}],"wp:attachment":[{"href":"https:\/\/indiacasino24.com\/de\/wp-json\/wp\/v2\/media?parent=3"}],"curies":[{"name":"wp","href":"https:\/\/api.w.org\/{rel}","templated":true}]}}