{"id":3,"date":"2024-05-20T14:40:59","date_gmt":"2024-05-20T11:40:59","guid":{"rendered":"https:\/\/indiacasino24.com\/?page_id=3"},"modified":"2024-06-24T01:07:36","modified_gmt":"2024-06-23T22:07:36","slug":"privacy-policy","status":"publish","type":"page","link":"https:\/\/indiacasino24.com\/fr\/privacy-policy\/","title":{"rendered":"Politique de confidentialit\u00e9"},"content":{"rendered":"<h3><b>Collecte d&rsquo;informations<\/b><\/h3>\n<p><span style=\"font-weight: 400;\">Nous recueillons des informations personnelles telles que votre nom, votre adresse e-mail, votre num\u00e9ro de t\u00e9l\u00e9phone et vos informations de paiement lorsque vous vous inscrivez sur notre site web, effectuez des achats ou demandez des informations. Nous pouvons \u00e9galement collecter des informations sur votre appareil et votre comportement sur le site \u00e0 l&rsquo;aide de cookies et de technologies similaires.<\/span><\/p>\n<h3><b>Utilisation des informations<\/b><\/h3>\n<p><span style=\"font-weight: 400;\">Nous utilisons les informations collect\u00e9es pour :<\/span><\/p>\n<ul>\n<li style=\"font-weight: 400;\" aria-level=\"1\"><span style=\"font-weight: 400;\">Traiter vos commandes et fournir les services demand\u00e9s.<\/span><\/li>\n<li style=\"font-weight: 400;\" aria-level=\"1\"><span style=\"font-weight: 400;\">Am\u00e9liorer notre site web et notre service client.<\/span><\/li>\n<li style=\"font-weight: 400;\" aria-level=\"1\"><span style=\"font-weight: 400;\">Vous envoyer des informations sur nos produits, services et promotions.<\/span><\/li>\n<li style=\"font-weight: 400;\" aria-level=\"1\"><span style=\"font-weight: 400;\">Respecter les obligations l\u00e9gales.<\/span><\/li>\n<\/ul>\n<h3><b>Partage des informations<\/b><\/h3>\n<p><span style=\"font-weight: 400;\">Nous ne vendons, n&rsquo;\u00e9changeons ou ne transf\u00e9rons vos informations personnelles \u00e0 des tiers que lorsque cela est n\u00e9cessaire pour fournir des services (par exemple, le traitement des paiements), respecter la loi ou prot\u00e9ger nos droits.<\/span><\/p>\n<h3><b>Protection des informations<\/b><\/h3>\n<p><span style=\"font-weight: 400;\">Nous prenons toutes les mesures n\u00e9cessaires pour prot\u00e9ger vos informations personnelles contre tout acc\u00e8s non autoris\u00e9, toute alt\u00e9ration, divulgation ou destruction. Nous utilisons le cryptage des donn\u00e9es, des serveurs s\u00e9curis\u00e9s et d&rsquo;autres technologies de s\u00e9curit\u00e9 modernes.<\/span><\/p>\n<h3><b>Cookies<\/b><\/h3>\n<p><span style=\"font-weight: 400;\">Notre site web utilise des cookies pour am\u00e9liorer les performances du site et offrir une exp\u00e9rience personnalis\u00e9e. Vous pouvez configurer votre navigateur pour refuser les cookies, mais cela peut limiter la fonctionnalit\u00e9 du site.<\/span><\/p>\n<h3><b>Changements de politique<\/b><\/h3>\n<p><span style=\"font-weight: 400;\">Nous pouvons mettre \u00e0 jour cette Politique de confidentialit\u00e9 de temps \u00e0 autre. Toutes les modifications seront publi\u00e9es sur cette page. Nous vous recommandons de consulter r\u00e9guli\u00e8rement cette page pour vous tenir inform\u00e9 de toute mise \u00e0 jour.<\/span><\/p>\n","protected":false},"excerpt":{"rendered":"<p>Collecte d&rsquo;informations Nous recueillons des informations personnelles telles que votre nom, votre adresse e-mail, votre num\u00e9ro de t\u00e9l\u00e9phone et vos informations de paiement lorsque vous vous inscrivez sur notre site web, effectuez des achats ou demandez des informations. Nous pouvons \u00e9galement collecter des informations sur votre appareil et votre comportement&#8230;<\/p>\n","protected":false},"author":1,"featured_media":0,"parent":0,"menu_order":0,"comment_status":"closed","ping_status":"closed","template":"","meta":{"footnotes":""},"class_list":["post-3","page","type-page","status-publish","hentry"],"yoast_head":"<!-- This site is optimized with the Yoast SEO plugin v27.2 - https:\/\/yoast.com\/product\/yoast-seo-wordpress\/ -->\n<title>\u041f\u043e\u043b\u0438\u0442\u0438\u043a\u0430 \u043a\u043e\u043d\u0444\u0438\u0434\u0435\u043d\u0446\u0438\u0430\u043b\u044c\u043d\u043e\u0441\u0442\u0438<\/title>\n<meta name=\"description\" content=\"Politique de confidentialit\u00e9\" \/>\n<meta name=\"robots\" content=\"index, follow, max-snippet:-1, max-image-preview:large, max-video-preview:-1\" \/>\n<link rel=\"canonical\" href=\"https:\/\/indiacasino24.com\/fr\/privacy-policy\/\" \/>\n<meta property=\"og:locale\" content=\"fr_FR\" \/>\n<meta property=\"og:locale:alternate\" content=\"ru_RU\" \/>\n<meta property=\"og:locale:alternate\" content=\"en_US\" \/>\n<meta property=\"og:locale:alternate\" content=\"pt_PT\" \/>\n<meta property=\"og:locale:alternate\" content=\"es_ES\" \/>\n<meta property=\"og:locale:alternate\" content=\"de_DE\" \/>\n<meta property=\"og:locale:alternate\" content=\"ro_RO\" \/>\n<meta property=\"og:locale:alternate\" content=\"sr_RS\" \/>\n<meta property=\"og:locale:alternate\" content=\"bg_BG\" \/>\n<meta property=\"og:locale:alternate\" content=\"pl_PL\" \/>\n<meta property=\"og:locale:alternate\" content=\"it_IT\" \/>\n<meta property=\"og:type\" content=\"article\" \/>\n<meta property=\"og:title\" content=\"\u041f\u043e\u043b\u0438\u0442\u0438\u043a\u0430 \u043a\u043e\u043d\u0444\u0438\u0434\u0435\u043d\u0446\u0438\u0430\u043b\u044c\u043d\u043e\u0441\u0442\u0438\" \/>\n<meta property=\"og:description\" content=\"\u041f\u043e\u043b\u0438\u0442\u0438\u043a\u0430 \u043a\u043e\u043d\u0444\u0438\u0434\u0435\u043d\u0446\u0438\u0430\u043b\u044c\u043d\u043e\u0441\u0442\u0438\" \/>\n<meta property=\"og:url\" content=\"https:\/\/indiacasino24.com\/fr\/privacy-policy\/\" \/>\n<meta property=\"og:site_name\" content=\"India Casino\" \/>\n<meta property=\"article:modified_time\" content=\"2024-06-23T22:07:36+00:00\" \/>\n<meta name=\"twitter:card\" content=\"summary_large_image\" \/>\n<meta name=\"twitter:label1\" content=\"Dur\u00e9e de lecture estim\u00e9e\" \/>\n\t<meta name=\"twitter:data1\" content=\"10 minutes\" \/>\n<script type=\"application\/ld+json\" class=\"yoast-schema-graph\">{\"@context\":\"https:\/\/schema.org\",\"@graph\":[{\"@type\":\"WebPage\",\"@id\":\"https:\/\/indiacasino24.com\/privacy-policy\/\",\"url\":\"https:\/\/indiacasino24.com\/privacy-policy\/\",\"name\":\"\u041f\u043e\u043b\u0438\u0442\u0438\u043a\u0430 \u043a\u043e\u043d\u0444\u0438\u0434\u0435\u043d\u0446\u0438\u0430\u043b\u044c\u043d\u043e\u0441\u0442\u0438\",\"isPartOf\":{\"@id\":\"https:\/\/indiacasino24.com\/#website\"},\"datePublished\":\"2024-05-20T11:40:59+00:00\",\"dateModified\":\"2024-06-23T22:07:36+00:00\",\"description\":\"\u041f\u043e\u043b\u0438\u0442\u0438\u043a\u0430 \u043a\u043e\u043d\u0444\u0438\u0434\u0435\u043d\u0446\u0438\u0430\u043b\u044c\u043d\u043e\u0441\u0442\u0438\",\"breadcrumb\":{\"@id\":\"https:\/\/indiacasino24.com\/privacy-policy\/#breadcrumb\"},\"inLanguage\":\"fr-FR\",\"potentialAction\":[{\"@type\":\"ReadAction\",\"target\":[\"https:\/\/indiacasino24.com\/privacy-policy\/\"]}]},{\"@type\":\"BreadcrumbList\",\"@id\":\"https:\/\/indiacasino24.com\/privacy-policy\/#breadcrumb\",\"itemListElement\":[{\"@type\":\"ListItem\",\"position\":1,\"name\":\"\u0413\u043b\u0430\u0432\u043d\u0430\u044f \u0441\u0442\u0440\u0430\u043d\u0438\u0446\u0430\",\"item\":\"https:\/\/indiacasino24.com\/\"},{\"@type\":\"ListItem\",\"position\":2,\"name\":\"\u041f\u043e\u043b\u0438\u0442\u0438\u043a\u0430 \u043a\u043e\u043d\u0444\u0438\u0434\u0435\u043d\u0446\u0438\u0430\u043b\u044c\u043d\u043e\u0441\u0442\u0438\"}]},{\"@type\":\"WebSite\",\"@id\":\"https:\/\/indiacasino24.com\/#website\",\"url\":\"https:\/\/indiacasino24.com\/\",\"name\":\"India Casino\",\"description\":\"\",\"potentialAction\":[{\"@type\":\"SearchAction\",\"target\":{\"@type\":\"EntryPoint\",\"urlTemplate\":\"https:\/\/indiacasino24.com\/?s={search_term_string}\"},\"query-input\":{\"@type\":\"PropertyValueSpecification\",\"valueRequired\":true,\"valueName\":\"search_term_string\"}}],\"inLanguage\":\"fr-FR\"}]}<\/script>\n<!-- \/ Yoast SEO plugin. -->","yoast_head_json":{"title":"\u041f\u043e\u043b\u0438\u0442\u0438\u043a\u0430 \u043a\u043e\u043d\u0444\u0438\u0434\u0435\u043d\u0446\u0438\u0430\u043b\u044c\u043d\u043e\u0441\u0442\u0438","description":"Politique de confidentialit\u00e9","robots":{"index":"index","follow":"follow","max-snippet":"max-snippet:-1","max-image-preview":"max-image-preview:large","max-video-preview":"max-video-preview:-1"},"canonical":"https:\/\/indiacasino24.com\/fr\/privacy-policy\/","og_locale":"fr_FR","og_type":"article","og_title":"\u041f\u043e\u043b\u0438\u0442\u0438\u043a\u0430 \u043a\u043e\u043d\u0444\u0438\u0434\u0435\u043d\u0446\u0438\u0430\u043b\u044c\u043d\u043e\u0441\u0442\u0438","og_description":"\u041f\u043e\u043b\u0438\u0442\u0438\u043a\u0430 \u043a\u043e\u043d\u0444\u0438\u0434\u0435\u043d\u0446\u0438\u0430\u043b\u044c\u043d\u043e\u0441\u0442\u0438","og_url":"https:\/\/indiacasino24.com\/fr\/privacy-policy\/","og_site_name":"India Casino","article_modified_time":"2024-06-23T22:07:36+00:00","twitter_card":"summary_large_image","twitter_misc":{"Dur\u00e9e de lecture estim\u00e9e":"10 minutes"},"schema":{"@context":"https:\/\/schema.org","@graph":[{"@type":"WebPage","@id":"https:\/\/indiacasino24.com\/privacy-policy\/","url":"https:\/\/indiacasino24.com\/privacy-policy\/","name":"\u041f\u043e\u043b\u0438\u0442\u0438\u043a\u0430 \u043a\u043e\u043d\u0444\u0438\u0434\u0435\u043d\u0446\u0438\u0430\u043b\u044c\u043d\u043e\u0441\u0442\u0438","isPartOf":{"@id":"https:\/\/indiacasino24.com\/#website"},"datePublished":"2024-05-20T11:40:59+00:00","dateModified":"2024-06-23T22:07:36+00:00","description":"\u041f\u043e\u043b\u0438\u0442\u0438\u043a\u0430 \u043a\u043e\u043d\u0444\u0438\u0434\u0435\u043d\u0446\u0438\u0430\u043b\u044c\u043d\u043e\u0441\u0442\u0438","breadcrumb":{"@id":"https:\/\/indiacasino24.com\/privacy-policy\/#breadcrumb"},"inLanguage":"fr-FR","potentialAction":[{"@type":"ReadAction","target":["https:\/\/indiacasino24.com\/privacy-policy\/"]}]},{"@type":"BreadcrumbList","@id":"https:\/\/indiacasino24.com\/privacy-policy\/#breadcrumb","itemListElement":[{"@type":"ListItem","position":1,"name":"\u0413\u043b\u0430\u0432\u043d\u0430\u044f \u0441\u0442\u0440\u0430\u043d\u0438\u0446\u0430","item":"https:\/\/indiacasino24.com\/"},{"@type":"ListItem","position":2,"name":"\u041f\u043e\u043b\u0438\u0442\u0438\u043a\u0430 \u043a\u043e\u043d\u0444\u0438\u0434\u0435\u043d\u0446\u0438\u0430\u043b\u044c\u043d\u043e\u0441\u0442\u0438"}]},{"@type":"WebSite","@id":"https:\/\/indiacasino24.com\/#website","url":"https:\/\/indiacasino24.com\/","name":"India Casino","description":"","potentialAction":[{"@type":"SearchAction","target":{"@type":"EntryPoint","urlTemplate":"https:\/\/indiacasino24.com\/?s={search_term_string}"},"query-input":{"@type":"PropertyValueSpecification","valueRequired":true,"valueName":"search_term_string"}}],"inLanguage":"fr-FR"}]}},"_links":{"self":[{"href":"https:\/\/indiacasino24.com\/fr\/wp-json\/wp\/v2\/pages\/3","targetHints":{"allow":["GET"]}}],"collection":[{"href":"https:\/\/indiacasino24.com\/fr\/wp-json\/wp\/v2\/pages"}],"about":[{"href":"https:\/\/indiacasino24.com\/fr\/wp-json\/wp\/v2\/types\/page"}],"author":[{"embeddable":true,"href":"https:\/\/indiacasino24.com\/fr\/wp-json\/wp\/v2\/users\/1"}],"replies":[{"embeddable":true,"href":"https:\/\/indiacasino24.com\/fr\/wp-json\/wp\/v2\/comments?post=3"}],"version-history":[{"count":21,"href":"https:\/\/indiacasino24.com\/fr\/wp-json\/wp\/v2\/pages\/3\/revisions"}],"predecessor-version":[{"id":232,"href":"https:\/\/indiacasino24.com\/fr\/wp-json\/wp\/v2\/pages\/3\/revisions\/232"}],"wp:attachment":[{"href":"https:\/\/indiacasino24.com\/fr\/wp-json\/wp\/v2\/media?parent=3"}],"curies":[{"name":"wp","href":"https:\/\/api.w.org\/{rel}","templated":true}]}}