{"id":3,"date":"2024-05-20T14:40:59","date_gmt":"2024-05-20T11:40:59","guid":{"rendered":"https:\/\/indiacasino24.com\/?page_id=3"},"modified":"2024-06-24T01:07:36","modified_gmt":"2024-06-23T22:07:36","slug":"privacy-policy","status":"publish","type":"page","link":"https:\/\/indiacasino24.com\/pl\/privacy-policy\/","title":{"rendered":"Polityka prywatno\u015bci"},"content":{"rendered":"<h3><b>Zbieranie informacji<\/b><\/h3>\n<p><span style=\"font-weight: 400;\">Gromadzimy dane osobowe takie jak Twoje imi\u0119, adres e-mail, numer telefonu i dane p\u0142atnicze podczas rejestracji na naszej stronie internetowej, dokonywania zakup\u00f3w lub \u017c\u0105dania informacji. Mo\u017cemy r\u00f3wnie\u017c gromadzi\u0107 informacje o Twoim urz\u0105dzeniu i zachowaniach na stronie za pomoc\u0105 plik\u00f3w cookie i podobnych technologii.<\/span><\/p>\n<h3><b>Wykorzystanie informacji<\/b><\/h3>\n<p><span style=\"font-weight: 400;\">Zebrane informacje wykorzystujemy do:<\/span><\/p>\n<ul>\n<li style=\"font-weight: 400;\" aria-level=\"1\"><span style=\"font-weight: 400;\">Przetwarzania Twoich zam\u00f3wie\u0144 i \u015bwiadczenia \u017c\u0105danych us\u0142ug.<\/span><\/li>\n<li style=\"font-weight: 400;\" aria-level=\"1\"><span style=\"font-weight: 400;\">Poprawy naszej strony internetowej i obs\u0142ugi klienta.<\/span><\/li>\n<li style=\"font-weight: 400;\" aria-level=\"1\"><span style=\"font-weight: 400;\">Wysy\u0142ania informacji o naszych produktach, us\u0142ugach i promocjach.<\/span><\/li>\n<li style=\"font-weight: 400;\" aria-level=\"1\"><span style=\"font-weight: 400;\">Spe\u0142nienia obowi\u0105zk\u00f3w prawnych.<\/span><\/li>\n<\/ul>\n<h3><b>Dzielenie si\u0119 informacjami<\/b><\/h3>\n<p><span style=\"font-weight: 400;\">Nie sprzedajemy, nie handlujemy ani nie przekazujemy Twoich danych osobowych osobom trzecim, chyba \u017ce jest to niezb\u0119dne do \u015bwiadczenia us\u0142ug (np. przetwarzanie p\u0142atno\u015bci), spe\u0142nienia wymog\u00f3w prawnych lub ochrony naszych praw.<\/span><\/p>\n<h3><b>Ochrona informacji<\/b><\/h3>\n<p><span style=\"font-weight: 400;\">Podj\u0119li\u015bmy wszystkie niezb\u0119dne \u015brodki w celu ochrony Twoich danych osobowych przed nieautoryzowanym dost\u0119pem, zmian\u0105, ujawnieniem lub zniszczeniem. Wykorzystujemy szyfrowanie danych, bezpieczne serwery i inne nowoczesne technologie bezpiecze\u0144stwa.<\/span><\/p>\n<h3><b>Pliki cookie<\/b><\/h3>\n<p><span style=\"font-weight: 400;\">Nasza strona internetowa u\u017cywa plik\u00f3w cookie w celu poprawy wydajno\u015bci strony i zapewnienia spersonalizowanego do\u015bwiadczenia. Mo\u017cesz ustawi\u0107 sw\u00f3j przegl\u0105dark\u0119 tak, aby odmawia\u0142a przyjmowania plik\u00f3w cookie, ale mo\u017ce to ograniczy\u0107 funkcjonalno\u015b\u0107 strony.<\/span><\/p>\n<h3><b>Zmiany w polityce<\/b><\/h3>\n<p><span style=\"font-weight: 400;\">Mo\u017cemy aktualizowa\u0107 t\u0119 Polityk\u0119 prywatno\u015bci od czasu do czasu. Wszelkie zmiany b\u0119d\u0105 publikowane na tej stronie. Zalecamy regularne sprawdzanie tej strony, aby by\u0107 na bie\u017c\u0105co z wszelkimi aktualizacjami.<\/span><\/p>\n","protected":false},"excerpt":{"rendered":"<p>Zbieranie informacji Gromadzimy dane osobowe takie jak Twoje imi\u0119, adres e-mail, numer telefonu i dane p\u0142atnicze podczas rejestracji na naszej stronie internetowej, dokonywania zakup\u00f3w lub \u017c\u0105dania informacji. Mo\u017cemy r\u00f3wnie\u017c gromadzi\u0107 informacje o Twoim urz\u0105dzeniu i zachowaniach na stronie za pomoc\u0105 plik\u00f3w cookie i podobnych technologii. Wykorzystanie informacji Zebrane informacje wykorzystujemy&#8230;<\/p>\n","protected":false},"author":1,"featured_media":0,"parent":0,"menu_order":0,"comment_status":"closed","ping_status":"closed","template":"","meta":{"footnotes":""},"class_list":["post-3","page","type-page","status-publish","hentry"],"yoast_head":"<!-- This site is optimized with the Yoast SEO plugin v27.2 - https:\/\/yoast.com\/product\/yoast-seo-wordpress\/ -->\n<title>\u041f\u043e\u043b\u0438\u0442\u0438\u043a\u0430 \u043a\u043e\u043d\u0444\u0438\u0434\u0435\u043d\u0446\u0438\u0430\u043b\u044c\u043d\u043e\u0441\u0442\u0438<\/title>\n<meta name=\"description\" content=\"Polityka prywatno\u015bci\" \/>\n<meta name=\"robots\" content=\"index, follow, max-snippet:-1, max-image-preview:large, max-video-preview:-1\" \/>\n<link rel=\"canonical\" href=\"https:\/\/indiacasino24.com\/pl\/privacy-policy\/\" \/>\n<meta property=\"og:locale\" content=\"pl_PL\" \/>\n<meta property=\"og:locale:alternate\" content=\"ru_RU\" \/>\n<meta property=\"og:locale:alternate\" content=\"en_US\" \/>\n<meta property=\"og:locale:alternate\" content=\"pt_PT\" \/>\n<meta property=\"og:locale:alternate\" content=\"es_ES\" \/>\n<meta property=\"og:locale:alternate\" content=\"fr_FR\" \/>\n<meta property=\"og:locale:alternate\" content=\"de_DE\" \/>\n<meta property=\"og:locale:alternate\" content=\"ro_RO\" \/>\n<meta property=\"og:locale:alternate\" content=\"sr_RS\" \/>\n<meta property=\"og:locale:alternate\" content=\"bg_BG\" \/>\n<meta property=\"og:locale:alternate\" content=\"it_IT\" \/>\n<meta property=\"og:type\" content=\"article\" \/>\n<meta property=\"og:title\" content=\"\u041f\u043e\u043b\u0438\u0442\u0438\u043a\u0430 \u043a\u043e\u043d\u0444\u0438\u0434\u0435\u043d\u0446\u0438\u0430\u043b\u044c\u043d\u043e\u0441\u0442\u0438\" \/>\n<meta property=\"og:description\" content=\"\u041f\u043e\u043b\u0438\u0442\u0438\u043a\u0430 \u043a\u043e\u043d\u0444\u0438\u0434\u0435\u043d\u0446\u0438\u0430\u043b\u044c\u043d\u043e\u0441\u0442\u0438\" \/>\n<meta property=\"og:url\" content=\"https:\/\/indiacasino24.com\/pl\/privacy-policy\/\" \/>\n<meta property=\"og:site_name\" content=\"India Casino\" \/>\n<meta property=\"article:modified_time\" content=\"2024-06-23T22:07:36+00:00\" \/>\n<meta name=\"twitter:card\" content=\"summary_large_image\" \/>\n<meta name=\"twitter:label1\" content=\"Szacowany czas czytania\" \/>\n\t<meta name=\"twitter:data1\" content=\"10 minut\" \/>\n<script type=\"application\/ld+json\" class=\"yoast-schema-graph\">{\"@context\":\"https:\/\/schema.org\",\"@graph\":[{\"@type\":\"WebPage\",\"@id\":\"https:\/\/indiacasino24.com\/privacy-policy\/\",\"url\":\"https:\/\/indiacasino24.com\/privacy-policy\/\",\"name\":\"\u041f\u043e\u043b\u0438\u0442\u0438\u043a\u0430 \u043a\u043e\u043d\u0444\u0438\u0434\u0435\u043d\u0446\u0438\u0430\u043b\u044c\u043d\u043e\u0441\u0442\u0438\",\"isPartOf\":{\"@id\":\"https:\/\/indiacasino24.com\/#website\"},\"datePublished\":\"2024-05-20T11:40:59+00:00\",\"dateModified\":\"2024-06-23T22:07:36+00:00\",\"description\":\"\u041f\u043e\u043b\u0438\u0442\u0438\u043a\u0430 \u043a\u043e\u043d\u0444\u0438\u0434\u0435\u043d\u0446\u0438\u0430\u043b\u044c\u043d\u043e\u0441\u0442\u0438\",\"breadcrumb\":{\"@id\":\"https:\/\/indiacasino24.com\/privacy-policy\/#breadcrumb\"},\"inLanguage\":\"pl-PL\",\"potentialAction\":[{\"@type\":\"ReadAction\",\"target\":[\"https:\/\/indiacasino24.com\/privacy-policy\/\"]}]},{\"@type\":\"BreadcrumbList\",\"@id\":\"https:\/\/indiacasino24.com\/privacy-policy\/#breadcrumb\",\"itemListElement\":[{\"@type\":\"ListItem\",\"position\":1,\"name\":\"\u0413\u043b\u0430\u0432\u043d\u0430\u044f \u0441\u0442\u0440\u0430\u043d\u0438\u0446\u0430\",\"item\":\"https:\/\/indiacasino24.com\/\"},{\"@type\":\"ListItem\",\"position\":2,\"name\":\"\u041f\u043e\u043b\u0438\u0442\u0438\u043a\u0430 \u043a\u043e\u043d\u0444\u0438\u0434\u0435\u043d\u0446\u0438\u0430\u043b\u044c\u043d\u043e\u0441\u0442\u0438\"}]},{\"@type\":\"WebSite\",\"@id\":\"https:\/\/indiacasino24.com\/#website\",\"url\":\"https:\/\/indiacasino24.com\/\",\"name\":\"India Casino\",\"description\":\"\",\"potentialAction\":[{\"@type\":\"SearchAction\",\"target\":{\"@type\":\"EntryPoint\",\"urlTemplate\":\"https:\/\/indiacasino24.com\/?s={search_term_string}\"},\"query-input\":{\"@type\":\"PropertyValueSpecification\",\"valueRequired\":true,\"valueName\":\"search_term_string\"}}],\"inLanguage\":\"pl-PL\"}]}<\/script>\n<!-- \/ Yoast SEO plugin. -->","yoast_head_json":{"title":"\u041f\u043e\u043b\u0438\u0442\u0438\u043a\u0430 \u043a\u043e\u043d\u0444\u0438\u0434\u0435\u043d\u0446\u0438\u0430\u043b\u044c\u043d\u043e\u0441\u0442\u0438","description":"Polityka prywatno\u015bci","robots":{"index":"index","follow":"follow","max-snippet":"max-snippet:-1","max-image-preview":"max-image-preview:large","max-video-preview":"max-video-preview:-1"},"canonical":"https:\/\/indiacasino24.com\/pl\/privacy-policy\/","og_locale":"pl_PL","og_type":"article","og_title":"\u041f\u043e\u043b\u0438\u0442\u0438\u043a\u0430 \u043a\u043e\u043d\u0444\u0438\u0434\u0435\u043d\u0446\u0438\u0430\u043b\u044c\u043d\u043e\u0441\u0442\u0438","og_description":"\u041f\u043e\u043b\u0438\u0442\u0438\u043a\u0430 \u043a\u043e\u043d\u0444\u0438\u0434\u0435\u043d\u0446\u0438\u0430\u043b\u044c\u043d\u043e\u0441\u0442\u0438","og_url":"https:\/\/indiacasino24.com\/pl\/privacy-policy\/","og_site_name":"India Casino","article_modified_time":"2024-06-23T22:07:36+00:00","twitter_card":"summary_large_image","twitter_misc":{"Szacowany czas czytania":"10 minut"},"schema":{"@context":"https:\/\/schema.org","@graph":[{"@type":"WebPage","@id":"https:\/\/indiacasino24.com\/privacy-policy\/","url":"https:\/\/indiacasino24.com\/privacy-policy\/","name":"\u041f\u043e\u043b\u0438\u0442\u0438\u043a\u0430 \u043a\u043e\u043d\u0444\u0438\u0434\u0435\u043d\u0446\u0438\u0430\u043b\u044c\u043d\u043e\u0441\u0442\u0438","isPartOf":{"@id":"https:\/\/indiacasino24.com\/#website"},"datePublished":"2024-05-20T11:40:59+00:00","dateModified":"2024-06-23T22:07:36+00:00","description":"\u041f\u043e\u043b\u0438\u0442\u0438\u043a\u0430 \u043a\u043e\u043d\u0444\u0438\u0434\u0435\u043d\u0446\u0438\u0430\u043b\u044c\u043d\u043e\u0441\u0442\u0438","breadcrumb":{"@id":"https:\/\/indiacasino24.com\/privacy-policy\/#breadcrumb"},"inLanguage":"pl-PL","potentialAction":[{"@type":"ReadAction","target":["https:\/\/indiacasino24.com\/privacy-policy\/"]}]},{"@type":"BreadcrumbList","@id":"https:\/\/indiacasino24.com\/privacy-policy\/#breadcrumb","itemListElement":[{"@type":"ListItem","position":1,"name":"\u0413\u043b\u0430\u0432\u043d\u0430\u044f \u0441\u0442\u0440\u0430\u043d\u0438\u0446\u0430","item":"https:\/\/indiacasino24.com\/"},{"@type":"ListItem","position":2,"name":"\u041f\u043e\u043b\u0438\u0442\u0438\u043a\u0430 \u043a\u043e\u043d\u0444\u0438\u0434\u0435\u043d\u0446\u0438\u0430\u043b\u044c\u043d\u043e\u0441\u0442\u0438"}]},{"@type":"WebSite","@id":"https:\/\/indiacasino24.com\/#website","url":"https:\/\/indiacasino24.com\/","name":"India Casino","description":"","potentialAction":[{"@type":"SearchAction","target":{"@type":"EntryPoint","urlTemplate":"https:\/\/indiacasino24.com\/?s={search_term_string}"},"query-input":{"@type":"PropertyValueSpecification","valueRequired":true,"valueName":"search_term_string"}}],"inLanguage":"pl-PL"}]}},"_links":{"self":[{"href":"https:\/\/indiacasino24.com\/pl\/wp-json\/wp\/v2\/pages\/3","targetHints":{"allow":["GET"]}}],"collection":[{"href":"https:\/\/indiacasino24.com\/pl\/wp-json\/wp\/v2\/pages"}],"about":[{"href":"https:\/\/indiacasino24.com\/pl\/wp-json\/wp\/v2\/types\/page"}],"author":[{"embeddable":true,"href":"https:\/\/indiacasino24.com\/pl\/wp-json\/wp\/v2\/users\/1"}],"replies":[{"embeddable":true,"href":"https:\/\/indiacasino24.com\/pl\/wp-json\/wp\/v2\/comments?post=3"}],"version-history":[{"count":21,"href":"https:\/\/indiacasino24.com\/pl\/wp-json\/wp\/v2\/pages\/3\/revisions"}],"predecessor-version":[{"id":232,"href":"https:\/\/indiacasino24.com\/pl\/wp-json\/wp\/v2\/pages\/3\/revisions\/232"}],"wp:attachment":[{"href":"https:\/\/indiacasino24.com\/pl\/wp-json\/wp\/v2\/media?parent=3"}],"curies":[{"name":"wp","href":"https:\/\/api.w.org\/{rel}","templated":true}]}}