{"id":29,"date":"2024-05-20T16:10:40","date_gmt":"2024-05-20T13:10:40","guid":{"rendered":"https:\/\/indiacasino24.com\/?page_id=29"},"modified":"2024-06-24T01:10:14","modified_gmt":"2024-06-23T22:10:14","slug":"top-10-most-popular-online-casinos-in-india","status":"publish","type":"page","link":"https:\/\/indiacasino24.com\/ro\/top-10-most-popular-online-casinos-in-india\/","title":{"rendered":"Top 10 cele mai populare cazinouri online din India"},"content":{"rendered":"<p><span style=\"font-weight: 400;\">India devine unul dintre pie\u021bele cu cea mai rapid\u0103 cre\u0219tere \u00een domeniul jocurilor de noroc online. Cu cre\u0219terea num\u0103rului de utilizatori de internet \u0219i disponibilitatea dispozitivelor mobile, tot mai mul\u021bi indieni g\u0103sesc divertisment \u00een cazinouri online. \u00cen acest articol, vom examina cele 10 cele mai populare cazinouri online din India care ofer\u0103 jocuri excelente, bonusuri generoase \u0219i metode de plat\u0103 fiabile.<\/span><\/p>\n<ol>\n<li>\n<h2><b>Betway<\/b><\/h2>\n<\/li>\n<\/ol>\n<p><span style=\"font-weight: 400;\">Betway este unul dintre cele mai cunoscute cazinouri online din lume, foarte popular \u0219i printre juc\u0103torii indieni. Fondat \u00een 2006, ofer\u0103 peste 500 de jocuri, inclusiv sloturi, jocuri de mas\u0103 \u0219i cazinouri live. Betway ofer\u0103 \u0219i pariuri sportive, fiind o platform\u0103 versatil\u0103 pentru jocuri de noroc.<\/span><br \/>\n<b>Avantaje:<\/b><\/p>\n<ul>\n<li style=\"font-weight: 400;\" aria-level=\"1\"><span style=\"font-weight: 400;\">O selec\u021bie larg\u0103 de jocuri.<\/span><\/li>\n<li style=\"font-weight: 400;\" aria-level=\"1\"><span style=\"font-weight: 400;\">Bonusuri excelente \u0219i promo\u021bii.<\/span><\/li>\n<li style=\"font-weight: 400;\" aria-level=\"1\"><span style=\"font-weight: 400;\">Suport \u00een limba hindi.<\/span><\/li>\n<\/ul>\n<ol start=\"2\">\n<li>\n<h2><b>Royal Panda<\/b><\/h2>\n<\/li>\n<\/ol>\n<p><span style=\"font-weight: 400;\">Royal Panda este cunoscut pentru brandul s\u0103u unic \u0219i pentru experien\u021ba de joc de calitate. Fondat \u00een 2014, cazinoul ofer\u0103 peste 2000 de jocuri, inclusiv sloturi populare, jocuri de mas\u0103 \u0219i cazinouri live. Royal Panda ofer\u0103, de asemenea, bonusuri atr\u0103g\u0103toare pentru juc\u0103torii noi \u0219i cei obi\u0219nui\u021bi.<\/span><br \/>\n<b>Avantaje:<\/b><\/p>\n<ul>\n<li style=\"font-weight: 400;\" aria-level=\"1\"><span style=\"font-weight: 400;\">O selec\u021bie mare de jocuri.<\/span><\/li>\n<li style=\"font-weight: 400;\" aria-level=\"1\"><span style=\"font-weight: 400;\">Bonusuri \u0219i promo\u021bii unice.<\/span><\/li>\n<li style=\"font-weight: 400;\" aria-level=\"1\"><span style=\"font-weight: 400;\">Licen\u021biat de MGA \u0219i UKGC.<\/span><\/li>\n<\/ul>\n<ol start=\"3\">\n<li>\n<h2><b>LeoVegas<\/b><\/h2>\n<\/li>\n<\/ol>\n<p><span style=\"font-weight: 400;\">LeoVegas este cunoscut pentru cazinoul s\u0103u mobil, considerat unul dintre cele mai bune din industrie. Cazinoul ofer\u0103 peste 1500 de jocuri de la principalii furnizori precum NetEnt, Microgaming \u0219i Play&#8217;n GO. LeoVegas are, de asemenea, o reputa\u021bie excelent\u0103 \u00een ceea ce prive\u0219te securitatea \u0219i suportul pentru clien\u021bi.<\/span><br \/>\n<b>Avantaje:<\/b><\/p>\n<ul>\n<li style=\"font-weight: 400;\" aria-level=\"1\"><span style=\"font-weight: 400;\">Aplica\u021bie mobil\u0103 excelent\u0103.<\/span><\/li>\n<li style=\"font-weight: 400;\" aria-level=\"1\"><span style=\"font-weight: 400;\">O selec\u021bie larg\u0103 de jocuri.<\/span><\/li>\n<li style=\"font-weight: 400;\" aria-level=\"1\"><span style=\"font-weight: 400;\">Pl\u0103\u021bi rapide.<\/span><\/li>\n<\/ul>\n<ol start=\"4\">\n<li>\n<h2><b>10Cric<\/b><\/h2>\n<\/li>\n<\/ol>\n<p><span style=\"font-weight: 400;\">10Cric este un cazinou axat pe juc\u0103torii indieni, \u00een special cei pasiona\u021bi de cricket. Cazinoul ofer\u0103 o gam\u0103 larg\u0103 de jocuri, inclusiv sloturi, jocuri de mas\u0103 \u0219i cazinouri live. De asemenea, po\u021bi paria pe evenimente sportive aici, f\u0103c\u00e2nd din 10Cric o alegere ideal\u0103 pentru iubitorii de sport.<\/span><br \/>\n<b>Avantaje:<\/b><\/p>\n<ul>\n<li style=\"font-weight: 400;\" aria-level=\"1\"><span style=\"font-weight: 400;\">Specializare \u00een juc\u0103torii indieni.<\/span><\/li>\n<li style=\"font-weight: 400;\" aria-level=\"1\"><span style=\"font-weight: 400;\">Bonusuri excelente pentru pariuri la cricket.<\/span><\/li>\n<li style=\"font-weight: 400;\" aria-level=\"1\"><span style=\"font-weight: 400;\">Suport pentru metode de plat\u0103 locale.<\/span><\/li>\n<\/ul>\n<ol start=\"5\">\n<li>\n<h2><b>Jeetwin<\/b><\/h2>\n<\/li>\n<\/ol>\n<p><span style=\"font-weight: 400;\">Jeetwin este primul cazinou online indian creat special pentru juc\u0103torii locali. Cazinoul ofer\u0103 o varietate de jocuri, inclusiv sloturi, jocuri de mas\u0103 \u0219i cazinouri live. Jeetwin este cunoscut \u0219i pentru bonusurile sale generoase \u0219i programul s\u0103u de loialitate.<\/span><br \/>\n<b>Avantaje:<\/b><\/p>\n<ul>\n<li style=\"font-weight: 400;\" aria-level=\"1\"><span style=\"font-weight: 400;\">Orientare indian\u0103.<\/span><\/li>\n<li style=\"font-weight: 400;\" aria-level=\"1\"><span style=\"font-weight: 400;\">Metode de plat\u0103 locale.<\/span><\/li>\n<li style=\"font-weight: 400;\" aria-level=\"1\"><span style=\"font-weight: 400;\">Turnee \u0219i promo\u021bii regulate.<\/span><\/li>\n<\/ul>\n<ol start=\"6\">\n<li>\n<h2><b>Pure Casino<\/b><\/h2>\n<\/li>\n<\/ol>\n<p><span style=\"font-weight: 400;\">Pure Casino ofer\u0103 o gam\u0103 larg\u0103 de jocuri adaptate juc\u0103torilor indieni. Cazinoul are o interfa\u021b\u0103 prietenoas\u0103 \u0219i ofer\u0103 numeroase bonusuri \u0219i promo\u021bii. De asemenea, are o colec\u021bie excelent\u0103 de jocuri de cazino live.<\/span><br \/>\n<b>Avantaje:<\/b><\/p>\n<ul>\n<li style=\"font-weight: 400;\" aria-level=\"1\"><span style=\"font-weight: 400;\">Accent pe juc\u0103torii indieni.<\/span><\/li>\n<li style=\"font-weight: 400;\" aria-level=\"1\"><span style=\"font-weight: 400;\">O selec\u021bie excelent\u0103 de jocuri live.<\/span><\/li>\n<li style=\"font-weight: 400;\" aria-level=\"1\"><span style=\"font-weight: 400;\">Pl\u0103\u021bi rapide.<\/span><\/li>\n<\/ul>\n<ol start=\"7\">\n<li>\n<h2><b>Genesis Casino<\/b><\/h2>\n<\/li>\n<\/ol>\n<p><span style=\"font-weight: 400;\">Genesis Casino ofer\u0103 peste 1300 de jocuri de la furnizori de top precum NetEnt, Microgaming \u0219i Play&#8217;n GO. Cazinoul este cunoscut pentru bonusurile sale generoase \u0219i promo\u021biile, precum \u0219i pentru serviciul s\u0103u excelent pentru clien\u021bi.<\/span><br \/>\n<b>Avantaje:<\/b><\/p>\n<ul>\n<li style=\"font-weight: 400;\" aria-level=\"1\"><span style=\"font-weight: 400;\">O selec\u021bie larg\u0103 de jocuri.<\/span><\/li>\n<li style=\"font-weight: 400;\" aria-level=\"1\"><span style=\"font-weight: 400;\">Bonusuri \u0219i promo\u021bii atr\u0103g\u0103toare.<\/span><\/li>\n<li style=\"font-weight: 400;\" aria-level=\"1\"><span style=\"font-weight: 400;\">Pl\u0103\u021bi rapide \u0219i fiabile.<\/span><\/li>\n<\/ul>\n<ol start=\"8\">\n<li>\n<h2><b>Casino Days<\/b><\/h2>\n<\/li>\n<\/ol>\n<p><span style=\"font-weight: 400;\">Casino Days este un cazinou nou care a c\u00e2\u0219tigat rapid popularitate printre juc\u0103torii indieni. Ofer\u0103 peste 2000 de jocuri, inclusiv sloturi, jocuri de mas\u0103 \u0219i cazinouri live. Cazinoul este cunoscut \u0219i pentru pl\u0103\u021bile rapide \u0219i suportul s\u0103u excelent pentru clien\u021bi.<\/span><br \/>\n<b>Avantaje:<\/b><\/p>\n<ul>\n<li style=\"font-weight: 400;\" aria-level=\"1\"><span style=\"font-weight: 400;\">O selec\u021bie mare de jocuri.<\/span><\/li>\n<li style=\"font-weight: 400;\" aria-level=\"1\"><span style=\"font-weight: 400;\">Pl\u0103\u021bi rapide.<\/span><\/li>\n<li style=\"font-weight: 400;\" aria-level=\"1\"><span style=\"font-weight: 400;\">Suport excelent pentru clien\u021bi.<\/span><\/li>\n<\/ul>\n<ol start=\"9\">\n<li>\n<h2><b>Dafabet<\/b><\/h2>\n<\/li>\n<\/ol>\n<p><span style=\"font-weight: 400;\">Dafabet este unul dintre cele mai vechi \u0219i respectate cazinouri axate pe pia\u021ba asiatic\u0103. Cazinoul ofer\u0103 o gam\u0103 larg\u0103 de jocuri, inclusiv sloturi, jocuri de mas\u0103 \u0219i cazinouri live. Dafabet ofer\u0103 \u0219i pariuri sportive \u0219i are o reputa\u021bie excelent\u0103 \u00een ceea ce prive\u0219te securitatea \u0219i corectitudinea.<\/span><br \/>\n<b>Avantaje:<\/b><\/p>\n<ul>\n<li style=\"font-weight: 400;\" aria-level=\"1\"><span style=\"font-weight: 400;\">Focus pe pia\u021ba asiatic\u0103.<\/span><\/li>\n<li style=\"font-weight: 400;\" aria-level=\"1\"><span style=\"font-weight: 400;\">O selec\u021bie mare de jocuri.<\/span><\/li>\n<li style=\"font-weight: 400;\" aria-level=\"1\"><span style=\"font-weight: 400;\">Suport pentru clien\u021bi fiabil.<\/span><\/li>\n<\/ul>\n<ol start=\"10\">\n<li>\n<h2><b>Bet365<\/b><\/h2>\n<\/li>\n<\/ol>\n<p><span style=\"font-weight: 400;\">Bet365 este unul dintre liderii industriei de jocuri de noroc online, popular \u00een \u00eentreaga lume, inclusiv \u00een India. Cazinoul ofer\u0103 o gam\u0103 larg\u0103 de jocuri, inclusiv sloturi, jocuri de mas\u0103 \u0219i cazinouri live. Bet365 este cunoscut \u0219i pentru pariurile sportive \u0219i suportul s\u0103u excelent pentru clien\u021bi.<\/span><br \/>\n<b>Avantaje:<\/b><\/p>\n<ul>\n<li style=\"font-weight: 400;\" aria-level=\"1\"><span style=\"font-weight: 400;\">O selec\u021bie larg\u0103 de jocuri \u0219i pariuri.<\/span><\/li>\n<li style=\"font-weight: 400;\" aria-level=\"1\"><span style=\"font-weight: 400;\">Reputa\u021bie de \u00eencredere.<\/span><\/li>\n<li style=\"font-weight: 400;\" aria-level=\"1\"><span style=\"font-weight: 400;\">Suport excelent pentru clien\u021bi.<\/span><\/li>\n<\/ul>\n<p><span style=\"font-weight: 400;\">Aceste 10 cazinouri online ofer\u0103 oportunit\u0103\u021bi excelente pentru juc\u0103torii indieni, indiferent de preferin\u021bele lor de joc. Indiferent de alegerea ta, vei g\u0103si o combina\u021bie excelent\u0103 de jocuri, bonusuri \u0219i metode de plat\u0103 sigure care vor face experien\u021ba ta de joc captivant\u0103 \u0219i sigur\u0103.<\/span><\/p>\n","protected":false},"excerpt":{"rendered":"<p>India devine unul dintre pie\u021bele cu cea mai rapid\u0103 cre\u0219tere \u00een domeniul jocurilor de noroc online. Cu cre\u0219terea num\u0103rului de utilizatori de internet \u0219i disponibilitatea dispozitivelor mobile, tot mai mul\u021bi indieni g\u0103sesc divertisment \u00een cazinouri online. \u00cen acest articol, vom examina cele 10 cele mai populare cazinouri online din India&#8230;<\/p>\n","protected":false},"author":1,"featured_media":0,"parent":0,"menu_order":0,"comment_status":"closed","ping_status":"closed","template":"","meta":{"footnotes":""},"class_list":["post-29","page","type-page","status-publish","hentry"],"yoast_head":"<!-- This site is optimized with the Yoast SEO plugin v27.2 - https:\/\/yoast.com\/product\/yoast-seo-wordpress\/ -->\n<title>Top 10 Most Popular Casinos in India<\/title>\n<meta name=\"description\" content=\"Am compilat o clasificare a celor mai populare cazinouri online din India. Cele mai bune cazinouri pentru juc\u0103torii din India.\" \/>\n<meta name=\"robots\" content=\"index, follow, max-snippet:-1, max-image-preview:large, max-video-preview:-1\" \/>\n<link rel=\"canonical\" href=\"https:\/\/indiacasino24.com\/ro\/top-10-most-popular-online-casinos-in-india\/\" \/>\n<meta property=\"og:locale\" content=\"ro_RO\" \/>\n<meta property=\"og:locale:alternate\" content=\"ru_RU\" \/>\n<meta property=\"og:locale:alternate\" content=\"en_US\" \/>\n<meta property=\"og:locale:alternate\" content=\"pt_PT\" \/>\n<meta property=\"og:locale:alternate\" content=\"es_ES\" \/>\n<meta property=\"og:locale:alternate\" content=\"fr_FR\" \/>\n<meta property=\"og:locale:alternate\" content=\"de_DE\" \/>\n<meta property=\"og:locale:alternate\" content=\"sr_RS\" \/>\n<meta property=\"og:locale:alternate\" content=\"bg_BG\" \/>\n<meta property=\"og:locale:alternate\" content=\"pl_PL\" \/>\n<meta property=\"og:locale:alternate\" content=\"it_IT\" \/>\n<meta property=\"og:type\" content=\"article\" \/>\n<meta property=\"og:title\" content=\"Top 10 Most Popular Casinos in India\" \/>\n<meta property=\"og:description\" content=\"We have compiled a ranking of the most popular online casinos in India. The best casinos for players from India.\" \/>\n<meta property=\"og:url\" content=\"https:\/\/indiacasino24.com\/ro\/top-10-most-popular-online-casinos-in-india\/\" \/>\n<meta property=\"og:site_name\" content=\"India Casino\" \/>\n<meta property=\"article:modified_time\" content=\"2024-06-23T22:10:14+00:00\" \/>\n<meta name=\"twitter:card\" content=\"summary_large_image\" \/>\n<meta name=\"twitter:label1\" content=\"Timp estimat pentru citire\" \/>\n\t<meta name=\"twitter:data1\" content=\"29 de minute\" \/>\n<script type=\"application\/ld+json\" class=\"yoast-schema-graph\">{\"@context\":\"https:\/\/schema.org\",\"@graph\":[{\"@type\":\"WebPage\",\"@id\":\"https:\/\/indiacasino24.com\/en\/top-10-most-popular-online-casinos-in-india\/\",\"url\":\"https:\/\/indiacasino24.com\/en\/top-10-most-popular-online-casinos-in-india\/\",\"name\":\"Top 10 Most Popular Casinos in India\",\"isPartOf\":{\"@id\":\"https:\/\/indiacasino24.com\/#website\"},\"datePublished\":\"2024-05-20T13:10:40+00:00\",\"dateModified\":\"2024-06-23T22:10:14+00:00\",\"description\":\"We have compiled a ranking of the most popular online casinos in India. The best casinos for players from India.\",\"breadcrumb\":{\"@id\":\"https:\/\/indiacasino24.com\/en\/top-10-most-popular-online-casinos-in-india\/#breadcrumb\"},\"inLanguage\":\"ro-RO\",\"potentialAction\":[{\"@type\":\"ReadAction\",\"target\":[\"https:\/\/indiacasino24.com\/en\/top-10-most-popular-online-casinos-in-india\/\"]}]},{\"@type\":\"BreadcrumbList\",\"@id\":\"https:\/\/indiacasino24.com\/en\/top-10-most-popular-online-casinos-in-india\/#breadcrumb\",\"itemListElement\":[{\"@type\":\"ListItem\",\"position\":1,\"name\":\"\u0413\u043b\u0430\u0432\u043d\u0430\u044f \u0441\u0442\u0440\u0430\u043d\u0438\u0446\u0430\",\"item\":\"https:\/\/indiacasino24.com\/\"},{\"@type\":\"ListItem\",\"position\":2,\"name\":\"Top 10 Most Popular Online Casinos in India\"}]},{\"@type\":\"WebSite\",\"@id\":\"https:\/\/indiacasino24.com\/#website\",\"url\":\"https:\/\/indiacasino24.com\/\",\"name\":\"India Casino\",\"description\":\"\",\"potentialAction\":[{\"@type\":\"SearchAction\",\"target\":{\"@type\":\"EntryPoint\",\"urlTemplate\":\"https:\/\/indiacasino24.com\/?s={search_term_string}\"},\"query-input\":{\"@type\":\"PropertyValueSpecification\",\"valueRequired\":true,\"valueName\":\"search_term_string\"}}],\"inLanguage\":\"ro-RO\"}]}<\/script>\n<!-- \/ Yoast SEO plugin. -->","yoast_head_json":{"title":"Top 10 Most Popular Casinos in India","description":"Am compilat o clasificare a celor mai populare cazinouri online din India. Cele mai bune cazinouri pentru juc\u0103torii din India.","robots":{"index":"index","follow":"follow","max-snippet":"max-snippet:-1","max-image-preview":"max-image-preview:large","max-video-preview":"max-video-preview:-1"},"canonical":"https:\/\/indiacasino24.com\/ro\/top-10-most-popular-online-casinos-in-india\/","og_locale":"ro_RO","og_type":"article","og_title":"Top 10 Most Popular Casinos in India","og_description":"We have compiled a ranking of the most popular online casinos in India. The best casinos for players from India.","og_url":"https:\/\/indiacasino24.com\/ro\/top-10-most-popular-online-casinos-in-india\/","og_site_name":"India Casino","article_modified_time":"2024-06-23T22:10:14+00:00","twitter_card":"summary_large_image","twitter_misc":{"Timp estimat pentru citire":"29 de minute"},"schema":{"@context":"https:\/\/schema.org","@graph":[{"@type":"WebPage","@id":"https:\/\/indiacasino24.com\/en\/top-10-most-popular-online-casinos-in-india\/","url":"https:\/\/indiacasino24.com\/en\/top-10-most-popular-online-casinos-in-india\/","name":"Top 10 Most Popular Casinos in India","isPartOf":{"@id":"https:\/\/indiacasino24.com\/#website"},"datePublished":"2024-05-20T13:10:40+00:00","dateModified":"2024-06-23T22:10:14+00:00","description":"We have compiled a ranking of the most popular online casinos in India. The best casinos for players from India.","breadcrumb":{"@id":"https:\/\/indiacasino24.com\/en\/top-10-most-popular-online-casinos-in-india\/#breadcrumb"},"inLanguage":"ro-RO","potentialAction":[{"@type":"ReadAction","target":["https:\/\/indiacasino24.com\/en\/top-10-most-popular-online-casinos-in-india\/"]}]},{"@type":"BreadcrumbList","@id":"https:\/\/indiacasino24.com\/en\/top-10-most-popular-online-casinos-in-india\/#breadcrumb","itemListElement":[{"@type":"ListItem","position":1,"name":"\u0413\u043b\u0430\u0432\u043d\u0430\u044f \u0441\u0442\u0440\u0430\u043d\u0438\u0446\u0430","item":"https:\/\/indiacasino24.com\/"},{"@type":"ListItem","position":2,"name":"Top 10 Most Popular Online Casinos in India"}]},{"@type":"WebSite","@id":"https:\/\/indiacasino24.com\/#website","url":"https:\/\/indiacasino24.com\/","name":"India Casino","description":"","potentialAction":[{"@type":"SearchAction","target":{"@type":"EntryPoint","urlTemplate":"https:\/\/indiacasino24.com\/?s={search_term_string}"},"query-input":{"@type":"PropertyValueSpecification","valueRequired":true,"valueName":"search_term_string"}}],"inLanguage":"ro-RO"}]}},"_links":{"self":[{"href":"https:\/\/indiacasino24.com\/ro\/wp-json\/wp\/v2\/pages\/29","targetHints":{"allow":["GET"]}}],"collection":[{"href":"https:\/\/indiacasino24.com\/ro\/wp-json\/wp\/v2\/pages"}],"about":[{"href":"https:\/\/indiacasino24.com\/ro\/wp-json\/wp\/v2\/types\/page"}],"author":[{"embeddable":true,"href":"https:\/\/indiacasino24.com\/ro\/wp-json\/wp\/v2\/users\/1"}],"replies":[{"embeddable":true,"href":"https:\/\/indiacasino24.com\/ro\/wp-json\/wp\/v2\/comments?post=29"}],"version-history":[{"count":23,"href":"https:\/\/indiacasino24.com\/ro\/wp-json\/wp\/v2\/pages\/29\/revisions"}],"predecessor-version":[{"id":233,"href":"https:\/\/indiacasino24.com\/ro\/wp-json\/wp\/v2\/pages\/29\/revisions\/233"}],"wp:attachment":[{"href":"https:\/\/indiacasino24.com\/ro\/wp-json\/wp\/v2\/media?parent=29"}],"curies":[{"name":"wp","href":"https:\/\/api.w.org\/{rel}","templated":true}]}}