{"id":3,"date":"2024-05-20T14:40:59","date_gmt":"2024-05-20T11:40:59","guid":{"rendered":"https:\/\/indiacasino24.com\/?page_id=3"},"modified":"2024-06-24T01:07:36","modified_gmt":"2024-06-23T22:07:36","slug":"privacy-policy","status":"publish","type":"page","link":"https:\/\/indiacasino24.com\/ro\/privacy-policy\/","title":{"rendered":"Politica de confiden\u021bialitate"},"content":{"rendered":"<h3><b>Colectarea informa\u021biilor<\/b><\/h3>\n<p><span style=\"font-weight: 400;\">Colect\u0103m informa\u021bii personale precum numele dumneavoastr\u0103, adresa de email, num\u0103rul de telefon \u0219i detaliile de plat\u0103 atunci c\u00e2nd v\u0103 \u00eenregistra\u021bi pe site-ul nostru, efectua\u021bi achizi\u021bii sau solicita\u021bi informa\u021bii. De asemenea, putem colecta informa\u021bii despre dispozitivul dumneavoastr\u0103 \u0219i comportamentul dumneavoastr\u0103 pe site folosind cookie-uri \u0219i tehnologii similare.<\/span><\/p>\n<h3><b>Utilizarea informa\u021biilor<\/b><\/h3>\n<p><span style=\"font-weight: 400;\">Utiliz\u0103m informa\u021biile colectate pentru:<\/span><\/p>\n<ul>\n<li style=\"font-weight: 400;\" aria-level=\"1\"><span style=\"font-weight: 400;\">Procesarea comenzilor dumneavoastr\u0103 \u0219i furnizarea serviciilor solicitate.<\/span><\/li>\n<li style=\"font-weight: 400;\" aria-level=\"1\"><span style=\"font-weight: 400;\">\u00cembun\u0103t\u0103\u021birea site-ului nostru \u0219i a serviciului pentru clien\u021bi.<\/span><\/li>\n<li style=\"font-weight: 400;\" aria-level=\"1\"><span style=\"font-weight: 400;\">Trimiterea de informa\u021bii despre produsele noastre, serviciile noastre \u0219i promo\u021biile noastre.<\/span><\/li>\n<li style=\"font-weight: 400;\" aria-level=\"1\"><span style=\"font-weight: 400;\">Respectarea obliga\u021biilor legale.<\/span><\/li>\n<\/ul>\n<h3><b>Partajarea informa\u021biilor<\/b><\/h3>\n<p><span style=\"font-weight: 400;\">Nu vindem, nu facem schimb \u0219i nu transfer\u0103m informa\u021biile dumneavoastr\u0103 personale c\u0103tre ter\u021bi, cu excep\u021bia cazurilor \u00een care este necesar pentru furnizarea serviciilor (de exemplu, procesarea pl\u0103\u021bilor), pentru respectarea legii sau pentru protejarea drepturilor noastre.<\/span><\/p>\n<h3><b>Protec\u021bia informa\u021biilor<\/b><\/h3>\n<p><span style=\"font-weight: 400;\">Lu\u0103m toate m\u0103surile necesare pentru a proteja informa\u021biile dumneavoastr\u0103 personale \u00eempotriva accesului neautorizat, modific\u0103rii, divulg\u0103rii sau distrugerii. Folosim criptarea datelor, servere securizate \u0219i alte tehnologii moderne de securitate.<\/span><\/p>\n<h3><b>Cookie-uri<\/b><\/h3>\n<p><span style=\"font-weight: 400;\">Site-ul nostru folose\u0219te cookie-uri pentru a \u00eembun\u0103t\u0103\u021bi performan\u021ba site-ului \u0219i pentru a oferi o experien\u021b\u0103 personalizat\u0103. Pute\u021bi seta browser-ul s\u0103 refuze cookie-urile, dar acest lucru poate limita func\u021bionalitatea site-ului.<\/span><\/p>\n<h3><b>Schimb\u0103ri \u00een politica de confiden\u021bialitate<\/b><\/h3>\n<p><span style=\"font-weight: 400;\">Putem actualiza aceast\u0103 Politic\u0103 de confiden\u021bialitate din c\u00e2nd \u00een c\u00e2nd. Toate modific\u0103rile vor fi postate pe aceast\u0103 pagin\u0103. V\u0103 recomand\u0103m s\u0103 revizui\u021bi periodic aceast\u0103 pagin\u0103 pentru a fi la curent cu orice actualiz\u0103ri.<\/span><\/p>\n","protected":false},"excerpt":{"rendered":"<p>Colectarea informa\u021biilor Colect\u0103m informa\u021bii personale precum numele dumneavoastr\u0103, adresa de email, num\u0103rul de telefon \u0219i detaliile de plat\u0103 atunci c\u00e2nd v\u0103 \u00eenregistra\u021bi pe site-ul nostru, efectua\u021bi achizi\u021bii sau solicita\u021bi informa\u021bii. De asemenea, putem colecta informa\u021bii despre dispozitivul dumneavoastr\u0103 \u0219i comportamentul dumneavoastr\u0103 pe site folosind cookie-uri \u0219i tehnologii similare. Utilizarea informa\u021biilor&#8230;<\/p>\n","protected":false},"author":1,"featured_media":0,"parent":0,"menu_order":0,"comment_status":"closed","ping_status":"closed","template":"","meta":{"footnotes":""},"class_list":["post-3","page","type-page","status-publish","hentry"],"yoast_head":"<!-- This site is optimized with the Yoast SEO plugin v27.2 - https:\/\/yoast.com\/product\/yoast-seo-wordpress\/ -->\n<title>\u041f\u043e\u043b\u0438\u0442\u0438\u043a\u0430 \u043a\u043e\u043d\u0444\u0438\u0434\u0435\u043d\u0446\u0438\u0430\u043b\u044c\u043d\u043e\u0441\u0442\u0438<\/title>\n<meta name=\"description\" content=\"Politica de confiden\u021bialitate\" \/>\n<meta name=\"robots\" content=\"index, follow, max-snippet:-1, max-image-preview:large, max-video-preview:-1\" \/>\n<link rel=\"canonical\" href=\"https:\/\/indiacasino24.com\/ro\/privacy-policy\/\" \/>\n<meta property=\"og:locale\" content=\"ro_RO\" \/>\n<meta property=\"og:locale:alternate\" content=\"ru_RU\" \/>\n<meta property=\"og:locale:alternate\" content=\"en_US\" \/>\n<meta property=\"og:locale:alternate\" content=\"pt_PT\" \/>\n<meta property=\"og:locale:alternate\" content=\"es_ES\" \/>\n<meta property=\"og:locale:alternate\" content=\"fr_FR\" \/>\n<meta property=\"og:locale:alternate\" content=\"de_DE\" \/>\n<meta property=\"og:locale:alternate\" content=\"sr_RS\" \/>\n<meta property=\"og:locale:alternate\" content=\"bg_BG\" \/>\n<meta property=\"og:locale:alternate\" content=\"pl_PL\" \/>\n<meta property=\"og:locale:alternate\" content=\"it_IT\" \/>\n<meta property=\"og:type\" content=\"article\" \/>\n<meta property=\"og:title\" content=\"\u041f\u043e\u043b\u0438\u0442\u0438\u043a\u0430 \u043a\u043e\u043d\u0444\u0438\u0434\u0435\u043d\u0446\u0438\u0430\u043b\u044c\u043d\u043e\u0441\u0442\u0438\" \/>\n<meta property=\"og:description\" content=\"\u041f\u043e\u043b\u0438\u0442\u0438\u043a\u0430 \u043a\u043e\u043d\u0444\u0438\u0434\u0435\u043d\u0446\u0438\u0430\u043b\u044c\u043d\u043e\u0441\u0442\u0438\" \/>\n<meta property=\"og:url\" content=\"https:\/\/indiacasino24.com\/ro\/privacy-policy\/\" \/>\n<meta property=\"og:site_name\" content=\"India Casino\" \/>\n<meta property=\"article:modified_time\" content=\"2024-06-23T22:07:36+00:00\" \/>\n<meta name=\"twitter:card\" content=\"summary_large_image\" \/>\n<meta name=\"twitter:label1\" content=\"Timp estimat pentru citire\" \/>\n\t<meta name=\"twitter:data1\" content=\"10 minute\" \/>\n<script type=\"application\/ld+json\" class=\"yoast-schema-graph\">{\"@context\":\"https:\/\/schema.org\",\"@graph\":[{\"@type\":\"WebPage\",\"@id\":\"https:\/\/indiacasino24.com\/privacy-policy\/\",\"url\":\"https:\/\/indiacasino24.com\/privacy-policy\/\",\"name\":\"\u041f\u043e\u043b\u0438\u0442\u0438\u043a\u0430 \u043a\u043e\u043d\u0444\u0438\u0434\u0435\u043d\u0446\u0438\u0430\u043b\u044c\u043d\u043e\u0441\u0442\u0438\",\"isPartOf\":{\"@id\":\"https:\/\/indiacasino24.com\/#website\"},\"datePublished\":\"2024-05-20T11:40:59+00:00\",\"dateModified\":\"2024-06-23T22:07:36+00:00\",\"description\":\"\u041f\u043e\u043b\u0438\u0442\u0438\u043a\u0430 \u043a\u043e\u043d\u0444\u0438\u0434\u0435\u043d\u0446\u0438\u0430\u043b\u044c\u043d\u043e\u0441\u0442\u0438\",\"breadcrumb\":{\"@id\":\"https:\/\/indiacasino24.com\/privacy-policy\/#breadcrumb\"},\"inLanguage\":\"ro-RO\",\"potentialAction\":[{\"@type\":\"ReadAction\",\"target\":[\"https:\/\/indiacasino24.com\/privacy-policy\/\"]}]},{\"@type\":\"BreadcrumbList\",\"@id\":\"https:\/\/indiacasino24.com\/privacy-policy\/#breadcrumb\",\"itemListElement\":[{\"@type\":\"ListItem\",\"position\":1,\"name\":\"\u0413\u043b\u0430\u0432\u043d\u0430\u044f \u0441\u0442\u0440\u0430\u043d\u0438\u0446\u0430\",\"item\":\"https:\/\/indiacasino24.com\/\"},{\"@type\":\"ListItem\",\"position\":2,\"name\":\"\u041f\u043e\u043b\u0438\u0442\u0438\u043a\u0430 \u043a\u043e\u043d\u0444\u0438\u0434\u0435\u043d\u0446\u0438\u0430\u043b\u044c\u043d\u043e\u0441\u0442\u0438\"}]},{\"@type\":\"WebSite\",\"@id\":\"https:\/\/indiacasino24.com\/#website\",\"url\":\"https:\/\/indiacasino24.com\/\",\"name\":\"India Casino\",\"description\":\"\",\"potentialAction\":[{\"@type\":\"SearchAction\",\"target\":{\"@type\":\"EntryPoint\",\"urlTemplate\":\"https:\/\/indiacasino24.com\/?s={search_term_string}\"},\"query-input\":{\"@type\":\"PropertyValueSpecification\",\"valueRequired\":true,\"valueName\":\"search_term_string\"}}],\"inLanguage\":\"ro-RO\"}]}<\/script>\n<!-- \/ Yoast SEO plugin. -->","yoast_head_json":{"title":"\u041f\u043e\u043b\u0438\u0442\u0438\u043a\u0430 \u043a\u043e\u043d\u0444\u0438\u0434\u0435\u043d\u0446\u0438\u0430\u043b\u044c\u043d\u043e\u0441\u0442\u0438","description":"Politica de confiden\u021bialitate","robots":{"index":"index","follow":"follow","max-snippet":"max-snippet:-1","max-image-preview":"max-image-preview:large","max-video-preview":"max-video-preview:-1"},"canonical":"https:\/\/indiacasino24.com\/ro\/privacy-policy\/","og_locale":"ro_RO","og_type":"article","og_title":"\u041f\u043e\u043b\u0438\u0442\u0438\u043a\u0430 \u043a\u043e\u043d\u0444\u0438\u0434\u0435\u043d\u0446\u0438\u0430\u043b\u044c\u043d\u043e\u0441\u0442\u0438","og_description":"\u041f\u043e\u043b\u0438\u0442\u0438\u043a\u0430 \u043a\u043e\u043d\u0444\u0438\u0434\u0435\u043d\u0446\u0438\u0430\u043b\u044c\u043d\u043e\u0441\u0442\u0438","og_url":"https:\/\/indiacasino24.com\/ro\/privacy-policy\/","og_site_name":"India Casino","article_modified_time":"2024-06-23T22:07:36+00:00","twitter_card":"summary_large_image","twitter_misc":{"Timp estimat pentru citire":"10 minute"},"schema":{"@context":"https:\/\/schema.org","@graph":[{"@type":"WebPage","@id":"https:\/\/indiacasino24.com\/privacy-policy\/","url":"https:\/\/indiacasino24.com\/privacy-policy\/","name":"\u041f\u043e\u043b\u0438\u0442\u0438\u043a\u0430 \u043a\u043e\u043d\u0444\u0438\u0434\u0435\u043d\u0446\u0438\u0430\u043b\u044c\u043d\u043e\u0441\u0442\u0438","isPartOf":{"@id":"https:\/\/indiacasino24.com\/#website"},"datePublished":"2024-05-20T11:40:59+00:00","dateModified":"2024-06-23T22:07:36+00:00","description":"\u041f\u043e\u043b\u0438\u0442\u0438\u043a\u0430 \u043a\u043e\u043d\u0444\u0438\u0434\u0435\u043d\u0446\u0438\u0430\u043b\u044c\u043d\u043e\u0441\u0442\u0438","breadcrumb":{"@id":"https:\/\/indiacasino24.com\/privacy-policy\/#breadcrumb"},"inLanguage":"ro-RO","potentialAction":[{"@type":"ReadAction","target":["https:\/\/indiacasino24.com\/privacy-policy\/"]}]},{"@type":"BreadcrumbList","@id":"https:\/\/indiacasino24.com\/privacy-policy\/#breadcrumb","itemListElement":[{"@type":"ListItem","position":1,"name":"\u0413\u043b\u0430\u0432\u043d\u0430\u044f \u0441\u0442\u0440\u0430\u043d\u0438\u0446\u0430","item":"https:\/\/indiacasino24.com\/"},{"@type":"ListItem","position":2,"name":"\u041f\u043e\u043b\u0438\u0442\u0438\u043a\u0430 \u043a\u043e\u043d\u0444\u0438\u0434\u0435\u043d\u0446\u0438\u0430\u043b\u044c\u043d\u043e\u0441\u0442\u0438"}]},{"@type":"WebSite","@id":"https:\/\/indiacasino24.com\/#website","url":"https:\/\/indiacasino24.com\/","name":"India Casino","description":"","potentialAction":[{"@type":"SearchAction","target":{"@type":"EntryPoint","urlTemplate":"https:\/\/indiacasino24.com\/?s={search_term_string}"},"query-input":{"@type":"PropertyValueSpecification","valueRequired":true,"valueName":"search_term_string"}}],"inLanguage":"ro-RO"}]}},"_links":{"self":[{"href":"https:\/\/indiacasino24.com\/ro\/wp-json\/wp\/v2\/pages\/3","targetHints":{"allow":["GET"]}}],"collection":[{"href":"https:\/\/indiacasino24.com\/ro\/wp-json\/wp\/v2\/pages"}],"about":[{"href":"https:\/\/indiacasino24.com\/ro\/wp-json\/wp\/v2\/types\/page"}],"author":[{"embeddable":true,"href":"https:\/\/indiacasino24.com\/ro\/wp-json\/wp\/v2\/users\/1"}],"replies":[{"embeddable":true,"href":"https:\/\/indiacasino24.com\/ro\/wp-json\/wp\/v2\/comments?post=3"}],"version-history":[{"count":21,"href":"https:\/\/indiacasino24.com\/ro\/wp-json\/wp\/v2\/pages\/3\/revisions"}],"predecessor-version":[{"id":232,"href":"https:\/\/indiacasino24.com\/ro\/wp-json\/wp\/v2\/pages\/3\/revisions\/232"}],"wp:attachment":[{"href":"https:\/\/indiacasino24.com\/ro\/wp-json\/wp\/v2\/media?parent=3"}],"curies":[{"name":"wp","href":"https:\/\/api.w.org\/{rel}","templated":true}]}}